{"id":23,"date":"2021-05-20T09:00:49","date_gmt":"2021-05-20T07:00:49","guid":{"rendered":"http:\/\/demos.famethemes.com\/onepress\/?page_id=23"},"modified":"2022-09-24T11:21:00","modified_gmt":"2022-09-24T09:21:00","slug":"un-accueil-chaleureux","status":"publish","type":"page","link":"https:\/\/www.veterinairealainmullens.be\/FR\/un-accueil-chaleureux\/","title":{"rendered":"Un accueil chaleureux"},"content":{"rendered":"\n<figure class=\"wp-block-image size-large\"><img loading=\"lazy\" width=\"1024\" height=\"683\" src=\"https:\/\/www.veterinairealainmullens.be\/FR\/wp-content\/uploads\/2021\/05\/alain-mullens-portrait5-\u00a9Lune-Rose-Photographie-1024x683.jpg\" alt=\"\" class=\"wp-image-1518\" srcset=\"https:\/\/www.veterinairealainmullens.be\/FR\/wp-content\/uploads\/2021\/05\/alain-mullens-portrait5-\u00a9Lune-Rose-Photographie-1024x683.jpg 1024w, https:\/\/www.veterinairealainmullens.be\/FR\/wp-content\/uploads\/2021\/05\/alain-mullens-portrait5-\u00a9Lune-Rose-Photographie-300x200.jpg 300w, https:\/\/www.veterinairealainmullens.be\/FR\/wp-content\/uploads\/2021\/05\/alain-mullens-portrait5-\u00a9Lune-Rose-Photographie-768x512.jpg 768w, https:\/\/www.veterinairealainmullens.be\/FR\/wp-content\/uploads\/2021\/05\/alain-mullens-portrait5-\u00a9Lune-Rose-Photographie-1536x1024.jpg 1536w, https:\/\/www.veterinairealainmullens.be\/FR\/wp-content\/uploads\/2021\/05\/alain-mullens-portrait5-\u00a9Lune-Rose-Photographie.jpg 1800w\" sizes=\"(max-width: 1024px) 100vw, 1024px\" \/><\/figure>\n\n\n\n<p>Un accueil chaleureux, dans la bonne humeur, avec une r\u00e9elle proximit\u00e9, une \u00e9coute attentive et bienveillante, un regard global sur votre animal et sur la relation que vous entretenez avec lui ; ayant toujours v\u00e9cu entour\u00e9s d\u2019animaux de compagnie, nous savons la force du lien qui vous unit.<br><br>Pour vos animaux de compagnie uniquement, nous vous proposons les services suivants :<\/p>\n\n\n\n<ul><li>M\u00e9decine g\u00e9n\u00e9rale pr\u00e9ventive et curative<\/li><li>Chirurgie g\u00e9n\u00e9rale<\/li><li>Dentisterie<\/li><li>M\u00e9decine comportementale<\/li><li>Conseils nutritionnels<\/li><li>D\u00e9livrance d\u2019aliments de diff\u00e9rentes marques<\/li><li>D\u00e9livrance de m\u00e9dicaments et de produits de soin<\/li><li>Consultations au cabinet, mais aussi \u00e0 domicile<\/li><\/ul>\n","protected":false},"excerpt":{"rendered":"<p>Un accueil chaleureux, dans la bonne humeur, avec une r\u00e9elle proximit\u00e9, une \u00e9coute attentive et bienveillante&#8230;<\/p>\n","protected":false},"author":1,"featured_media":1518,"parent":0,"menu_order":0,"comment_status":"closed","ping_status":"closed","template":"","meta":[],"_links":{"self":[{"href":"https:\/\/www.veterinairealainmullens.be\/FR\/wp-json\/wp\/v2\/pages\/23"}],"collection":[{"href":"https:\/\/www.veterinairealainmullens.be\/FR\/wp-json\/wp\/v2\/pages"}],"about":[{"href":"https:\/\/www.veterinairealainmullens.be\/FR\/wp-json\/wp\/v2\/types\/page"}],"author":[{"embeddable":true,"href":"https:\/\/www.veterinairealainmullens.be\/FR\/wp-json\/wp\/v2\/users\/1"}],"replies":[{"embeddable":true,"href":"https:\/\/www.veterinairealainmullens.be\/FR\/wp-json\/wp\/v2\/comments?post=23"}],"version-history":[{"count":10,"href":"https:\/\/www.veterinairealainmullens.be\/FR\/wp-json\/wp\/v2\/pages\/23\/revisions"}],"predecessor-version":[{"id":1767,"href":"https:\/\/www.veterinairealainmullens.be\/FR\/wp-json\/wp\/v2\/pages\/23\/revisions\/1767"}],"wp:featuredmedia":[{"embeddable":true,"href":"https:\/\/www.veterinairealainmullens.be\/FR\/wp-json\/wp\/v2\/media\/1518"}],"wp:attachment":[{"href":"https:\/\/www.veterinairealainmullens.be\/FR\/wp-json\/wp\/v2\/media?parent=23"}],"curies":[{"name":"wp","href":"https:\/\/api.w.org\/{rel}","templated":true}]}}