{"id":1695,"date":"2021-06-21T12:08:47","date_gmt":"2021-06-21T10:08:47","guid":{"rendered":"https:\/\/www.veterinairealainmullens.be\/FR\/?page_id=1695"},"modified":"2022-09-24T11:18:38","modified_gmt":"2022-09-24T09:18:38","slug":"chirurgie-generale","status":"publish","type":"page","link":"https:\/\/www.veterinairealainmullens.be\/FR\/chirurgie-generale\/","title":{"rendered":"Chirurgie g\u00e9n\u00e9rale"},"content":{"rendered":"\n<figure class=\"wp-block-image size-large\"><img loading=\"lazy\" width=\"1024\" height=\"683\" src=\"https:\/\/www.veterinairealainmullens.be\/FR\/wp-content\/uploads\/2021\/06\/chirurgie-1-\u00a9-Alain-Mullens-1024x683.jpg\" alt=\"chirurgie 1 \u00a9 Alain Mullens\" class=\"wp-image-1690\" srcset=\"https:\/\/www.veterinairealainmullens.be\/FR\/wp-content\/uploads\/2021\/06\/chirurgie-1-\u00a9-Alain-Mullens-1024x683.jpg 1024w, https:\/\/www.veterinairealainmullens.be\/FR\/wp-content\/uploads\/2021\/06\/chirurgie-1-\u00a9-Alain-Mullens-300x200.jpg 300w, https:\/\/www.veterinairealainmullens.be\/FR\/wp-content\/uploads\/2021\/06\/chirurgie-1-\u00a9-Alain-Mullens-768x512.jpg 768w, https:\/\/www.veterinairealainmullens.be\/FR\/wp-content\/uploads\/2021\/06\/chirurgie-1-\u00a9-Alain-Mullens-1536x1024.jpg 1536w, https:\/\/www.veterinairealainmullens.be\/FR\/wp-content\/uploads\/2021\/06\/chirurgie-1-\u00a9-Alain-Mullens.jpg 1800w\" sizes=\"(max-width: 1024px) 100vw, 1024px\" \/><\/figure>\n\n\n\n<p>Nous pratiquons les chirurgies habituelles dites \u2013 de convenance \u2013, telles que castration, ovariectomie, ovario-hyst\u00e9rectomie, ainsi que certaines chirurgies curatives.<br>Pour certaines chirurgies plus sp\u00e9cialis\u00e9es ainsi que pour la chirurgie orthop\u00e9dique, nous vous dirigerons vers des sp\u00e9cialistes reconnus.<br>Le cabinet est \u00e9quip\u00e9 d\u2019une salle d\u2019op\u00e9ration avec anesth\u00e9sie gazeuse et monitoring cardio-respiratoire pour la s\u00e9curit\u00e9 de vos compagnons.<\/p>\n","protected":false},"excerpt":{"rendered":"<p>Nous pratiquons les chirurgies habituelles dites \u2013 de convenance \u2013, telles que castration, ovariectomie, ovario-hyst\u00e9rectomie, ainsi que certaines chirurgies curatives.<\/p>\n","protected":false},"author":1,"featured_media":1690,"parent":0,"menu_order":0,"comment_status":"closed","ping_status":"closed","template":"","meta":[],"_links":{"self":[{"href":"https:\/\/www.veterinairealainmullens.be\/FR\/wp-json\/wp\/v2\/pages\/1695"}],"collection":[{"href":"https:\/\/www.veterinairealainmullens.be\/FR\/wp-json\/wp\/v2\/pages"}],"about":[{"href":"https:\/\/www.veterinairealainmullens.be\/FR\/wp-json\/wp\/v2\/types\/page"}],"author":[{"embeddable":true,"href":"https:\/\/www.veterinairealainmullens.be\/FR\/wp-json\/wp\/v2\/users\/1"}],"replies":[{"embeddable":true,"href":"https:\/\/www.veterinairealainmullens.be\/FR\/wp-json\/wp\/v2\/comments?post=1695"}],"version-history":[{"count":3,"href":"https:\/\/www.veterinairealainmullens.be\/FR\/wp-json\/wp\/v2\/pages\/1695\/revisions"}],"predecessor-version":[{"id":1765,"href":"https:\/\/www.veterinairealainmullens.be\/FR\/wp-json\/wp\/v2\/pages\/1695\/revisions\/1765"}],"wp:featuredmedia":[{"embeddable":true,"href":"https:\/\/www.veterinairealainmullens.be\/FR\/wp-json\/wp\/v2\/media\/1690"}],"wp:attachment":[{"href":"https:\/\/www.veterinairealainmullens.be\/FR\/wp-json\/wp\/v2\/media?parent=1695"}],"curies":[{"name":"wp","href":"https:\/\/api.w.org\/{rel}","templated":true}]}}