{"id":1683,"date":"2021-06-21T12:01:13","date_gmt":"2021-06-21T10:01:13","guid":{"rendered":"https:\/\/www.veterinairealainmullens.be\/FR\/?page_id=1683"},"modified":"2022-09-26T14:07:11","modified_gmt":"2022-09-26T12:07:11","slug":"medecine-generale","status":"publish","type":"page","link":"https:\/\/www.veterinairealainmullens.be\/FR\/medecine-generale\/","title":{"rendered":"M\u00e9decine g\u00e9n\u00e9rale"},"content":{"rendered":"\n<figure class=\"wp-block-image size-large\"><img loading=\"lazy\" width=\"1024\" height=\"683\" src=\"https:\/\/www.veterinairealainmullens.be\/FR\/wp-content\/uploads\/2021\/05\/alain-mullens-portrait11-\u00a9am-1024x683.jpg\" alt=\"\" class=\"wp-image-1527\" srcset=\"https:\/\/www.veterinairealainmullens.be\/FR\/wp-content\/uploads\/2021\/05\/alain-mullens-portrait11-\u00a9am-1024x683.jpg 1024w, https:\/\/www.veterinairealainmullens.be\/FR\/wp-content\/uploads\/2021\/05\/alain-mullens-portrait11-\u00a9am-300x200.jpg 300w, https:\/\/www.veterinairealainmullens.be\/FR\/wp-content\/uploads\/2021\/05\/alain-mullens-portrait11-\u00a9am-768x512.jpg 768w, https:\/\/www.veterinairealainmullens.be\/FR\/wp-content\/uploads\/2021\/05\/alain-mullens-portrait11-\u00a9am-1536x1024.jpg 1536w, https:\/\/www.veterinairealainmullens.be\/FR\/wp-content\/uploads\/2021\/05\/alain-mullens-portrait11-\u00a9am.jpg 1800w\" sizes=\"(max-width: 1024px) 100vw, 1024px\" \/><\/figure>\n\n\n\n<p>Un examen clinique attentif et complet, coupl\u00e9 aux examens compl\u00e9mentaires n\u00e9cessaires, est la cl\u00e9 d\u2019une bonne d\u00e9marche m\u00e9dicale.<\/p>\n\n\n\n<p>Certains examens (analyses d\u2019urine, mesure de la glyc\u00e9mie, examens microscopiques, tests s\u00e9rologiques rapides\u2026) sont effectu\u00e9s directement au cabinet, alors que d\u2019autres sont sous-trait\u00e9s dans un labo ext\u00e9rieur.<br>Les diff\u00e9rents partenaires avec qui nous travaillons sont en outre \u00e0 m\u00eame de nous fournir rapidement les examens d\u2019imagerie et d\u2019imagerie sp\u00e9cialis\u00e9e n\u00e9cessaires \u00e0 notre d\u00e9marche diagnostique.<\/p>\n","protected":false},"excerpt":{"rendered":"<p>Un examen clinique attentif et complet, coupl\u00e9 aux examens compl\u00e9mentaires n\u00e9cessaires est la cl\u00e9 d\u2019une bonne d\u00e9marche m\u00e9dicale.<\/p>\n","protected":false},"author":1,"featured_media":1527,"parent":0,"menu_order":0,"comment_status":"closed","ping_status":"closed","template":"","meta":[],"_links":{"self":[{"href":"https:\/\/www.veterinairealainmullens.be\/FR\/wp-json\/wp\/v2\/pages\/1683"}],"collection":[{"href":"https:\/\/www.veterinairealainmullens.be\/FR\/wp-json\/wp\/v2\/pages"}],"about":[{"href":"https:\/\/www.veterinairealainmullens.be\/FR\/wp-json\/wp\/v2\/types\/page"}],"author":[{"embeddable":true,"href":"https:\/\/www.veterinairealainmullens.be\/FR\/wp-json\/wp\/v2\/users\/1"}],"replies":[{"embeddable":true,"href":"https:\/\/www.veterinairealainmullens.be\/FR\/wp-json\/wp\/v2\/comments?post=1683"}],"version-history":[{"count":7,"href":"https:\/\/www.veterinairealainmullens.be\/FR\/wp-json\/wp\/v2\/pages\/1683\/revisions"}],"predecessor-version":[{"id":1783,"href":"https:\/\/www.veterinairealainmullens.be\/FR\/wp-json\/wp\/v2\/pages\/1683\/revisions\/1783"}],"wp:featuredmedia":[{"embeddable":true,"href":"https:\/\/www.veterinairealainmullens.be\/FR\/wp-json\/wp\/v2\/media\/1527"}],"wp:attachment":[{"href":"https:\/\/www.veterinairealainmullens.be\/FR\/wp-json\/wp\/v2\/media?parent=1683"}],"curies":[{"name":"wp","href":"https:\/\/api.w.org\/{rel}","templated":true}]}}